{"id":8,"date":"2018-07-28T12:53:12","date_gmt":"2018-07-28T10:53:12","guid":{"rendered":"http:\/\/www.siph-asso.com\/?page_id=8"},"modified":"2021-12-01T17:29:57","modified_gmt":"2021-12-01T16:29:57","slug":"a-propos-de","status":"publish","type":"page","link":"https:\/\/www.siph-asso.com\/?page_id=8","title":{"rendered":"\u00c0 propos de"},"content":{"rendered":"\t\t<div data-elementor-type=\"wp-post\" data-elementor-id=\"8\" class=\"elementor elementor-8\">\n\t\t\t\t\t\t<div class=\"elementor-inner\">\n\t\t\t\t<div class=\"elementor-section-wrap\">\n\t\t\t\t\t\t\t\t\t<section class=\"elementor-section elementor-top-section elementor-element elementor-element-2b753967 elementor-section-boxed elementor-section-height-default elementor-section-height-default\" data-id=\"2b753967\" data-element_type=\"section\">\n\t\t\t\t\t\t<div class=\"elementor-container elementor-column-gap-default\">\n\t\t\t\t\t\t\t<div class=\"elementor-row\">\n\t\t\t\t\t<div class=\"elementor-column elementor-col-100 elementor-top-column elementor-element elementor-element-7831e004\" data-id=\"7831e004\" data-element_type=\"column\">\n\t\t\t<div class=\"elementor-column-wrap elementor-element-populated\">\n\t\t\t\t\t\t\t<div class=\"elementor-widget-wrap\">\n\t\t\t\t\t\t<div class=\"elementor-element elementor-element-288a1523 elementor-widget elementor-widget-text-editor\" data-id=\"288a1523\" data-element_type=\"widget\" data-widget_type=\"text-editor.default\">\n\t\t\t\t<div class=\"elementor-widget-container\">\n\t\t\t\t\t\t\t\t<div class=\"elementor-text-editor elementor-clearfix\">\n\t\t\t\t<p>l&#8217;association SIPH (Solidarit\u00e9 et Inclusion des Personnes Handicap\u00e9es) a pour but g\u00e9n\u00e9ral :<\/p>\n<p>* De traiter du sujet de l&#8217;inclusion des personnes handicap\u00e9es dans le monde du travail et de la vie courante.<\/p>\n<p>* De promouvoir l\u2019innovation pour une meilleure qualit\u00e9 d\u2019accompagnement<\/p>\n<p>* D&#8217;informer la collectivit\u00e9 des probl\u00e8mes concernant les personnes handicap\u00e9es et de n\u00e9gocier aupr\u00e8s des pouvoirs publics les politiques n\u00e9cessaires<\/p>\n<p><span style=\"color: var( --e-global-color-text ); font-family: var( --e-global-typography-text-font-family ), Sans-serif; font-weight: var( --e-global-typography-text-font-weight );\">* De repr\u00e9senter les adh\u00e9rents aupr\u00e8s des pouvoirs publics et des institutions nationales et internationales<\/span><br><\/p>\n<p>* De soutenir ses adh\u00e9rents sur l\u2019ensemble de leurs projets<\/p>\n<p>* De mettre en r\u00e9seau les comp\u00e9tences n\u00e9cessaires \u00e0 l\u2019am\u00e9lioration de la qualit\u00e9 de l\u2019accompagnement des personnes en situation de handicap<\/p>\t\t\t\t\t<\/div>\n\t\t\t\t\t\t<\/div>\n\t\t\t\t<\/div>\n\t\t\t\t\t\t<\/div>\n\t\t\t\t\t<\/div>\n\t\t<\/div>\n\t\t\t\t\t\t\t\t<\/div>\n\t\t\t\t\t<\/div>\n\t\t<\/section>\n\t\t\t\t<section class=\"elementor-section elementor-top-section elementor-element elementor-element-4b71f37 elementor-section-boxed elementor-section-height-default elementor-section-height-default\" data-id=\"4b71f37\" data-element_type=\"section\">\n\t\t\t\t\t\t<div class=\"elementor-container elementor-column-gap-default\">\n\t\t\t\t\t\t\t<div class=\"elementor-row\">\n\t\t\t\t\t<div class=\"elementor-column elementor-col-100 elementor-top-column elementor-element elementor-element-3fe96ed\" data-id=\"3fe96ed\" data-element_type=\"column\">\n\t\t\t<div class=\"elementor-column-wrap elementor-element-populated\">\n\t\t\t\t\t\t\t<div class=\"elementor-widget-wrap\">\n\t\t\t\t\t\t<div class=\"elementor-element elementor-element-4364d25 elementor-widget elementor-widget-google_maps\" data-id=\"4364d25\" data-element_type=\"widget\" data-widget_type=\"google_maps.default\">\n\t\t\t\t<div class=\"elementor-widget-container\">\n\t\t\t\t\t<div class=\"elementor-custom-embed\">\n\t\t\t<iframe frameborder=\"0\" scrolling=\"no\" marginheight=\"0\" marginwidth=\"0\"\n\t\t\t\t\tsrc=\"https:\/\/maps.google.com\/maps?q=London%20Eye%2C%20Londres%2C%20Royaume-Uni&#038;t=m&#038;z=10&#038;output=embed&#038;iwloc=near\"\n\t\t\t\t\ttitle=\"London Eye, Londres, Royaume-Uni\"\n\t\t\t\t\taria-label=\"London Eye, Londres, Royaume-Uni\"\n\t\t\t><\/iframe>\n\t\t<\/div>\n\t\t\t\t<\/div>\n\t\t\t\t<\/div>\n\t\t\t\t\t\t<\/div>\n\t\t\t\t\t<\/div>\n\t\t<\/div>\n\t\t\t\t\t\t\t\t<\/div>\n\t\t\t\t\t<\/div>\n\t\t<\/section>\n\t\t\t\t\t\t\t\t\t<\/div>\n\t\t\t<\/div>\n\t\t\t\t\t<\/div>\n\t\t","protected":false},"excerpt":{"rendered":"<p>l&#8217;association SIPH (Solidarit\u00e9 et Inclusion des Personnes Handicap\u00e9es) a pour but g\u00e9n\u00e9ral : * De traiter du sujet de l&#8217;inclusion des personnes handicap\u00e9es dans le monde du travail et de la vie courante. * De promouvoir l\u2019innovation pour une meilleure qualit\u00e9 d\u2019accompagnement * D&#8217;informer la collectivit\u00e9 des probl\u00e8mes concernant les personnes handicap\u00e9es et de n\u00e9gocier [&hellip;]<\/p>\n","protected":false},"author":1,"featured_media":37,"parent":0,"menu_order":0,"comment_status":"closed","ping_status":"closed","template":"","meta":{"_exactmetrics_skip_tracking":false,"_exactmetrics_sitenote_active":false,"_exactmetrics_sitenote_note":"","_exactmetrics_sitenote_category":0,"_monsterinsights_skip_tracking":false,"_monsterinsights_sitenote_active":false,"_monsterinsights_sitenote_note":"","_monsterinsights_sitenote_category":0,"_uf_show_specific_survey":0,"_uf_disable_surveys":false,"footnotes":""},"class_list":["post-8","page","type-page","status-publish","has-post-thumbnail","hentry"],"aioseo_notices":[],"_links":{"self":[{"href":"https:\/\/www.siph-asso.com\/index.php?rest_route=\/wp\/v2\/pages\/8","targetHints":{"allow":["GET"]}}],"collection":[{"href":"https:\/\/www.siph-asso.com\/index.php?rest_route=\/wp\/v2\/pages"}],"about":[{"href":"https:\/\/www.siph-asso.com\/index.php?rest_route=\/wp\/v2\/types\/page"}],"author":[{"embeddable":true,"href":"https:\/\/www.siph-asso.com\/index.php?rest_route=\/wp\/v2\/users\/1"}],"replies":[{"embeddable":true,"href":"https:\/\/www.siph-asso.com\/index.php?rest_route=%2Fwp%2Fv2%2Fcomments&post=8"}],"version-history":[{"count":6,"href":"https:\/\/www.siph-asso.com\/index.php?rest_route=\/wp\/v2\/pages\/8\/revisions"}],"predecessor-version":[{"id":589,"href":"https:\/\/www.siph-asso.com\/index.php?rest_route=\/wp\/v2\/pages\/8\/revisions\/589"}],"wp:featuredmedia":[{"embeddable":true,"href":"https:\/\/www.siph-asso.com\/index.php?rest_route=\/wp\/v2\/media\/37"}],"wp:attachment":[{"href":"https:\/\/www.siph-asso.com\/index.php?rest_route=%2Fwp%2Fv2%2Fmedia&parent=8"}],"curies":[{"name":"wp","href":"https:\/\/api.w.org\/{rel}","templated":true}]}}